{"id":353,"date":"2023-12-19T14:05:58","date_gmt":"2023-12-19T07:05:58","guid":{"rendered":"https:\/\/conf.icgbio.ru\/apde-siberia\/?page_id=353"},"modified":"2023-12-27T13:21:55","modified_gmt":"2023-12-27T06:21:55","slug":"3-4-6","status":"publish","type":"page","link":"https:\/\/conf.icgbio.ru\/apde-siberia\/contents\/3-4-6\/","title":{"rendered":"Biodiversity of Miscanthus Introduction of Miscanthus for solving some ecological problems in Western Siberia"},"content":{"rendered":"<p class=\"inst\">Institute of Cytology and Genetics, SB RAS, Novosibirsk<\/p>\n<h2 class=\"head\">Head of the Institute:<\/h2>\n<p class=\"info\">Vladimir K.Shumny, Academician of the RAS<br \/>\n10 Lavrentiev Ave., Novosibirsk, 630090, Russia<br \/>\nTel.: +(383-2) 33-35-26<br \/>\nFax: +(383-2) 33-12-78, 33-34-66<br \/>\nemail:\u00a0<a href=\"mailto:shumny@bionet.nsc.ru\">shumny@bionet.nsc.ru<\/a><\/p>\n<h2 class=\"head\">Principal researchers:<\/h2>\n<p class=\"info\">V.A.Godovikova<br \/>\nemail:\u00a0<a href=\"mailto:god@cgi.nsk.su\">god@cgi.nsk.su<\/a><\/p>\n<h3 style=\"text-align: justify;\">Project objectives<\/h3>\n<p style=\"text-align: justify;\" align=\"JUSTIFY\">There are some goals of Miscanthus investigation:<\/p>\n<p style=\"text-align: justify;\" align=\"JUSTIFY\">1. The main goal is the study of native biodiversity of Miscanthus.<\/p>\n<p style=\"text-align: justify;\" align=\"JUSTIFY\">2. Using a complex of modern biotechnologies, to develop in vitro methods for inducing species polymorphism for selecting new genotypes better adapted to local environmental conditions, as well as the elaboration of better methods for microclone propagation of some clones.<\/p>\n<h3 style=\"text-align: justify;\">Background and significance of objectives<\/h3>\n<p style=\"text-align: justify;\" align=\"JUSTIFY\">There is a large collection of biodiversity of three species of Miscanthus. It is initial germplasm material for plant breeding of Miscanthus in two directions. The first one &#8211; selection for adaptivity to unfavourable environmental factors such as dryness and salinity.<\/p>\n<p style=\"text-align: justify;\" align=\"JUSTIFY\">Preliminary data obtained after the 5 years of investigations run on a special testing ground, situated on the bottom of Chany, a salt lake in Western Siberia allowed us to find some salt tolerant genotypes.<\/p>\n<p style=\"text-align: justify;\" align=\"JUSTIFY\">The second direction of selection is breeding for high bioproductivity.<\/p>\n<p style=\"text-align: justify;\" align=\"JUSTIFY\">In 1992, within the framework of an international program of searching for a new resumed source of biomass and raw material alternative of wood, an all-round study of some perennial low-maintenance energy plants was started at the Institute of Cytology and Genetics.<\/p>\n<h3 style=\"text-align: justify;\">Research plan: approaches and methods<\/h3>\n<p style=\"text-align: justify;\" align=\"JUSTIFY\">There are three endemic species of the genus Miscanthus in Russia<\/p>\n<p style=\"text-align: justify;\" align=\"JUSTIFY\">in the Far East, where savannah-like compositions are formed by their grouping with species of Arundinella Raddi., Mulenbergia Schreb. and\u00a0<i>Querqus mongolica<\/i>\u00a0L. (Tsvelev, 1897).<\/p>\n<p style=\"text-align: justify;\" align=\"JUSTIFY\">These are &#8211; Miscanthus\u00a0<i>sacchariflorus<\/i>\u00a0Maxim.<\/p>\n<p style=\"text-align: justify;\" align=\"JUSTIFY\"><i>Miscanthus purpurascens<\/i>\u00a0Anderss. and\u00a0<i>Miscanthus sinensis\u00a0<\/i>Anders., from the tribe Andropogoneae, the family Poaceae (Voroshilov, 1982).<\/p>\n<p style=\"text-align: justify;\" align=\"JUSTIFY\">Due to polymorphism, taxonomically, Miscanthus is a very complex genus, which causes dispute when another individual is to be classified.<\/p>\n<p style=\"text-align: justify;\" align=\"JUSTIFY\">During two expeditions, which covered the area between the northern part of Primorsky Kray, a unique original plant material was gathered in the vicinity of Khasan Lake and the Russia\/Korea border.<\/p>\n<p style=\"text-align: justify;\" align=\"JUSTIFY\">There is a germplasm collection of seeds and initial plants of distinct varieties and ecotypes of Miscanthus species.<\/p>\n<p style=\"text-align: justify;\" align=\"JUSTIFY\">Material was described, systematised and transplanted into a field experimental station and hydroponic greenhouse.<\/p>\n<p style=\"text-align: justify;\" align=\"JUSTIFY\">In spite of good pollen fertility, we have not received any seeds 85-95%. This phenomenon can have been be caused by high self-incompatibility in Miscanthus, their hybrid origin or environmental conditions of Siberia. Gathered in native populations, wild seeds have too low viability and extremely poor seed-set, hence unreliable propagation through seeds.<\/p>\n<p style=\"text-align: justify;\" align=\"JUSTIFY\">For solving the seed problems, in vitro biotechnology methods were used.<\/p>\n<h3 style=\"text-align: justify;\">Expected results<\/h3>\n<p style=\"text-align: justify;\" align=\"JUSTIFY\">We plan receiving a row of new plant regenerants for all three species of Miscanthus.<\/p>\n<p style=\"text-align: justify;\" align=\"JUSTIFY\">Within the framework of an ecological program for rehabilitation and recultivation of pollutant- and industry-disordered soils by wastes of the poultry farm in the Novosibirsk region, we expect to obtain new results after planting 50 thousands Miscanthus plantlets.<\/p>\n<h3 style=\"text-align: justify;\">List of publications of participants related to the project<\/h3>\n<ul class=\"liter\">\n<li>\n<p align=\"JUSTIFY\">Godovikova V.A., Shumny V.K. In vitro techniques of cell and tissue culture and plant regeneration of Miscanthus Anders \/\/ Plant Biotechnology and molecular Biology: Second Symposium &#8220;Trend in Plant Biotechnology&#8221;, Russia, May 18-20. \u00f1 1993. \u00f1 P. 365.<\/p>\n<\/li>\n<li>\n<p align=\"JUSTIFY\">Godovikova V.A., Shumny V.K., Moiseeva E.A. Cell and tissue culture of\u00a0<i>Miscanthus sacchariflorus\u00a0<\/i>\/\/ Proceeding of the 2<sup>nd<\/sup>\u00a0Biomass Conference of Americas: Energy, Environment, Agriculture and Policy. USA, Portland, Or., 21-24 August 1995. \u00f1 P. 350-356.<\/p>\n<\/li>\n<li>\n<p align=\"JUSTIFY\">Shumny V.K., Godovikova V.A., Moiseeva E.A. Introduction of Miscanthus in Russia \/\/ Proceedings of Second Biomass Conference of Americas: Energy, Environment, Agriculture and Policy. USA, Portland, Or., 21-24 August 1995. \u00f1 P. 343-349.<\/p>\n<\/li>\n<li>\n<p align=\"JUSTIFY\">Gulevich R.G., Godovikova V. Siberian medical plants for fertility regulation \/\/ I International conference of medical plants for conception and contraception. 25-26 November 1995 Taipei Taiwan, Republic of China.<\/p>\n<\/li>\n<li>\n<p align=\"JUSTIFY\">Godovikova V.A., Gonchar A.M., Shumny V.K. Some perspectives of industry introduction of new clones of Miscanthus for ecological reestablishment of saline lands and foundation of renewable resource base \/\/ Abstr. 9th European bioenergy conference, 24-27 June 1996 Copenhagen, Denmark. \u00f1 P. 176.<\/p>\n<\/li>\n<li>\n<p align=\"JUSTIFY\">Godovikova V.A., Shumny V.K. Introduction of Miscanthus in Siberia: Problems and Perspectives \/\/ Nachwachsende Rohstoffe: Repositions Pflanzen, red. Orth, Berlin, 1996. \u00f1 P. 21-27.<\/p>\n<\/li>\n<li>\n<p align=\"JUSTIFY\">Nechiporenco N.N., Godovikova V.A., Shumny V.K. Physiological and genetical basis for selection of Miscanthus \/\/ Aspects of Applied Biology. \u00f1 1997. \u00f1 Vol. 49. \u00f1 P. 245-249.<\/p>\n<\/li>\n<\/ul>\n<p><a href=\"https:\/\/conf.icgbio.ru\/apde-siberia\/wp-content\/uploads\/sites\/121\/2023\/12\/image76.jpg\" target=\"_blank\" rel=\"noopener\"><img loading=\"lazy\" class=\"aligncenter wp-image-87 size-medium\" src=\"https:\/\/conf.icgbio.ru\/apde-siberia\/wp-content\/uploads\/sites\/121\/2023\/12\/image76-198x300.jpg\" alt=\"\" width=\"198\" height=\"300\" srcset=\"https:\/\/conf.icgbio.ru\/apde-siberia\/wp-content\/uploads\/sites\/121\/2023\/12\/image76-198x300.jpg 198w, https:\/\/conf.icgbio.ru\/apde-siberia\/wp-content\/uploads\/sites\/121\/2023\/12\/image76.jpg 259w\" sizes=\"(max-width: 198px) 100vw, 198px\" \/><\/a><\/p>\n<p class=\"fig\">Fig.1.\u00a0<i>M.sinensis Anderss.<\/i><\/p>\n<p><a href=\"https:\/\/conf.icgbio.ru\/apde-siberia\/wp-content\/uploads\/sites\/121\/2023\/12\/image77.jpg\" target=\"_blank\" rel=\"noopener\"><img loading=\"lazy\" class=\"aligncenter wp-image-88 size-medium\" src=\"https:\/\/conf.icgbio.ru\/apde-siberia\/wp-content\/uploads\/sites\/121\/2023\/12\/image77-198x300.jpg\" alt=\"\" width=\"198\" height=\"300\" srcset=\"https:\/\/conf.icgbio.ru\/apde-siberia\/wp-content\/uploads\/sites\/121\/2023\/12\/image77-198x300.jpg 198w, https:\/\/conf.icgbio.ru\/apde-siberia\/wp-content\/uploads\/sites\/121\/2023\/12\/image77.jpg 259w\" sizes=\"(max-width: 198px) 100vw, 198px\" \/><\/a><\/p>\n<p class=\"fig\">Fig. 2.\u00a0<i>M. purpurascens Anderss.<\/i><\/p>\n<p><a href=\"https:\/\/conf.icgbio.ru\/apde-siberia\/wp-content\/uploads\/sites\/121\/2023\/12\/image78.jpg\" target=\"_blank\" rel=\"noopener\"><img loading=\"lazy\" class=\"aligncenter wp-image-89 size-medium\" src=\"https:\/\/conf.icgbio.ru\/apde-siberia\/wp-content\/uploads\/sites\/121\/2023\/12\/image78-198x300.jpg\" alt=\"\" width=\"198\" height=\"300\" srcset=\"https:\/\/conf.icgbio.ru\/apde-siberia\/wp-content\/uploads\/sites\/121\/2023\/12\/image78-198x300.jpg 198w, https:\/\/conf.icgbio.ru\/apde-siberia\/wp-content\/uploads\/sites\/121\/2023\/12\/image78.jpg 259w\" sizes=\"(max-width: 198px) 100vw, 198px\" \/><\/a><\/p>\n<p class=\"fig\">Fig. 3.\u00a0<i>Miscanthus sacchariflorus Maxim.<\/i><\/p>\n<p><a href=\"https:\/\/conf.icgbio.ru\/apde-siberia\/wp-content\/uploads\/sites\/121\/2023\/12\/image79.jpg\" target=\"_blank\" rel=\"noopener\"><img loading=\"lazy\" class=\"aligncenter wp-image-90 size-full\" src=\"https:\/\/conf.icgbio.ru\/apde-siberia\/wp-content\/uploads\/sites\/121\/2023\/12\/image79.jpg\" alt=\"\" width=\"300\" height=\"197\" \/><\/a><\/p>\n<p class=\"fig\">Fig. 4. Miscanthus collection<\/p>\n<p><a href=\"https:\/\/conf.icgbio.ru\/apde-siberia\/wp-content\/uploads\/sites\/121\/2023\/12\/image111.gif\" target=\"_blank\" rel=\"noopener\"><img loading=\"lazy\" class=\"aligncenter wp-image-118 size-medium\" src=\"https:\/\/conf.icgbio.ru\/apde-siberia\/wp-content\/uploads\/sites\/121\/2023\/12\/image111-300x238.gif\" alt=\"\" width=\"300\" height=\"238\" \/><\/a><\/p>\n","protected":false},"excerpt":{"rendered":"<p>Institute of Cytology and Genetics, SB RAS, Novosibirsk Head of the Institute: Vladimir K.Shumny, Academician of the RAS 10 Lavrentiev Ave., Novosibirsk, 630090, Russia Tel.: +(383-2) 33-35-26 Fax: +(383-2) 33-12-78, 33-34-66 email:\u00a0shumny@bionet.nsc.ru Principal researchers: V.A.Godovikova email:\u00a0god@cgi.nsk.su Project objectives There are &hellip; <a href=\"https:\/\/conf.icgbio.ru\/apde-siberia\/contents\/3-4-6\/\">Continue reading <span class=\"meta-nav\">&rarr;<\/span><\/a><\/p>\n","protected":false},"author":13,"featured_media":0,"parent":177,"menu_order":48,"comment_status":"closed","ping_status":"closed","template":"onecolumn-page.php","meta":[],"_links":{"self":[{"href":"https:\/\/conf.icgbio.ru\/apde-siberia\/wp-json\/wp\/v2\/pages\/353"}],"collection":[{"href":"https:\/\/conf.icgbio.ru\/apde-siberia\/wp-json\/wp\/v2\/pages"}],"about":[{"href":"https:\/\/conf.icgbio.ru\/apde-siberia\/wp-json\/wp\/v2\/types\/page"}],"author":[{"embeddable":true,"href":"https:\/\/conf.icgbio.ru\/apde-siberia\/wp-json\/wp\/v2\/users\/13"}],"replies":[{"embeddable":true,"href":"https:\/\/conf.icgbio.ru\/apde-siberia\/wp-json\/wp\/v2\/comments?post=353"}],"version-history":[{"count":4,"href":"https:\/\/conf.icgbio.ru\/apde-siberia\/wp-json\/wp\/v2\/pages\/353\/revisions"}],"predecessor-version":[{"id":575,"href":"https:\/\/conf.icgbio.ru\/apde-siberia\/wp-json\/wp\/v2\/pages\/353\/revisions\/575"}],"up":[{"embeddable":true,"href":"https:\/\/conf.icgbio.ru\/apde-siberia\/wp-json\/wp\/v2\/pages\/177"}],"wp:attachment":[{"href":"https:\/\/conf.icgbio.ru\/apde-siberia\/wp-json\/wp\/v2\/media?parent=353"}],"curies":[{"name":"wp","href":"https:\/\/api.w.org\/{rel}","templated":true}]}}