{"id":48,"date":"2021-09-27T15:10:07","date_gmt":"2021-09-27T08:10:07","guid":{"rendered":"https:\/\/conf.icgbio.ru\/bgrs2002\/?page_id=48"},"modified":"2021-09-27T16:45:10","modified_gmt":"2021-09-27T09:45:10","slug":"list-of-par","status":"publish","type":"page","link":"https:\/\/conf.icgbio.ru\/bgrs2002\/en\/list-of-par\/","title":{"rendered":"List of participants"},"content":{"rendered":"<p><\/p>\n<ul>\n<li>Afonnikov Dmitry Institute of Cytology and Genetics, Lavrentieva 10, Novosibirsk 630090 Russia<\/li>\n<li>Akimov Yuri R.E. Kavetsky Institute of Experimental Pathology, Oncology and Radiobiology Vasylkivska 45, Kyiv 03022 Ukraine<\/li>\n<li>Alexeyenko Andrey NCIHV, 40-let. Pobedy 39, Krasnodar 350047 Russia<\/li>\n<li>Alikina Tatyana Novosibirsk Institute of Bioorganic Chemistry, Lavrentieva 8, Novosibirsk 630090 Russia<\/li>\n<li>Ananko Elena Institute of Cytology and Genetics, Lavrentieva 10, Novosibirsk 630090 Russia<\/li>\n<li>Ananko Grigorii Institute of Cytology and Genetics, Lavrentieva 10, Novosibirsk 630090 Russia<\/li>\n<li>Arrigo Patrizio CNR ICE, Via de marini, Genova 16149 Italy<\/li>\n<li>Artamonova Irena Shemyakin-Ovchinnikov Institute of Bioorganic Chemistry, Miklukho-Maklaya 16\/10, Moscow 117871 Russia<\/li>\n<li>Babkin Igor State Research Centre of Virology and Biotechnology &#8220;Vector&#8221;, Koltsovo, Novosibirsk reg 630559 Russia<\/li>\n<li>Bachinsky Alexander State Research Centre of Virology and Biotechnology &#8220;Vector&#8221;, Koltsovo, Novosibirsk reg 630559 Russia<\/li>\n<li>Baranovskii Andrey Novosibirsk Institute of Bioorganic Chemistry, Lavrentieva 8, Novosibirsk 630090 Russia<\/li>\n<li>Berezin Alexandr Sobolev Institute of Mathematics, Koptyuga 4, Novosibirsk 630090 Russia<\/li>\n<li>Bezruchenkova Maria Integrated Genomics, Gubkina 3, Moscow 117333 Russia<\/li>\n<li>Biyasheva Zarema Maratovna Kazakh national university, al-Farabi, 71, Almaty 480078 Kazakhstan<\/li>\n<li>Bogdanov Yuri The Vavilov Institute of General Genetics, Gubkin 3, Moscow 119991 Russia<\/li>\n<li>Bondar Alexander Novosibirsk Institute of Bioorganic Chemistry, Lavrentieva 8, Novosibirsk 630090 Russia<\/li>\n<li>Borinskaya Svetlana The Vavilov Institute of General Genetics, Gubkin 3, Moscow 119991 Russia<\/li>\n<li>Boutorine Alexandre Novosibirsk Institute of Bioorganic Chemistry, Lavrentieva 8, Novosibirsk 630090 Russia<\/li>\n<li>Breton Vincent CNRS LPC Campus des Cezeaux, Avenue des Landais, Aubiere Cedex 63177 France<\/li>\n<li>Bugreev Dmitry Novosibirsk Institute of Bioorganic Chemistry, Lavrentieva 8, Novosibirsk 630090 Russia<\/li>\n<li>Chaley Maria Center &#8220;Bioengineering&#8221; of RAS, Prospekt 60-letiya Oktyabrya 7\/1, Moscow 117312 Russia<\/li>\n<li>Chekmarev Sergei Institute of Thermophysics, SB RAN, Lavrentieva 1, Novosibirsk 630090 Russia<\/li>\n<li>Chelobanov Boris Novosibirsk Institute of Bioorganic Chemistry, Lavrentieva 8, Novosibirsk 630090 Russia<\/li>\n<li>Chirun Dmitry Michael JV IBA, Java Division Bogdanovich st. 155, Minsk 220020 Republic of Belarus<\/li>\n<li>Chumakov Mikhail Inst.Bioch.&amp;Physiol.Plants&amp;Microorg., pr.Entuziastov 13, Saratov 410015 Russia<\/li>\n<li>Chuzhanova Nadia Cardiff University, Department of Computer Science, PO Box 916, Cardiff CF24 3XF UK<\/li>\n<li>Dachtchian Karo Integrated Genomics, P.O. Box 348, Moscow 117333 Russia<\/li>\n<li>Danilova Ludmila Institute of information transmission problems, Beskudnikovskiy b-r 36-3-25, Moscow 127247 Russia<\/li>\n<li>Dianov Grigory MRC Radiation and Genome Stability Unit Harwell, Oxfordshire OX11 0RD UK<\/li>\n<li>Dolgopolov Alexey Integrated Genomics, Gubkina 3, Moscow 117333 Russia<\/li>\n<li>Dorokhov Dmitri Center &#8220;Bioengineering&#8221; of RAS, Prospekt 60-letiya Oktyabrya 7\/1, Moscow 117312 Russia<\/li>\n<li>Dromashko Sergey Institute of Genetics and Cytology, Akademicheskaya 27, Minsk 220072 Republic of Belarus<\/li>\n<li>Dzhelyadin Timur Institute of Cell Biophysics, Pushchino, Moscow reg 142290 Russia<\/li>\n<li>Ermagambetov Alnur Kazakh national university, av. al-Farabi 71, Almaty 480078 Kazakhstan<\/li>\n<li>Fadeev Stanislav Sobolev Institute of Mathematics SB RAS, Koptyuga 4, Novosibirsk 630090 Russia<\/li>\n<li>Favorov Alexander GosNIIGenetika, 1st Dorozhny pr. 1, Moscow 113545 Russia<\/li>\n<li>Fedorov Viacheslav Institute of Laser Physics SB RAS, Lavrentieva 13\/3, Novosibirsk 630090 Russia<\/li>\n<li>Fomenko Andrey Institute of Biomedical Chemistry, Pogododinskaya 10, Moscow 119992 Russia<\/li>\n<li>Gainova Irina Sobolev Institute of Mathematics SB RAS, Koptyuga 4, Novosibirsk 630090 Russia<\/li>\n<li>Freier Andreas Bielefeld University, Bielefeld 33619 Germany<\/li>\n<li>Frenkel Felix Center &#8220;Bioengineering&#8221; of RAS, Prospekt 60-letiya Oktyabrya 7\/1, Moscow 117312 Russia<\/li>\n<li>Frith Martin Boston University, Cummington Street 44, Boston, MA 02215 USA<\/li>\n<li>Furman Dagmara Institute of Cytology and Genetics, Lavrentieva 10, Novosibirsk 630090 Russia<\/li>\n<li>Gabdullina Zhanar Kazakh national university, al-Farabi 71, Almaty 480078 Kazakhstan<\/li>\n<li>Galimzyanov Alexander Institute of Biology, Prospect Octyabrya 69, Ufa 450054 Russia<\/li>\n<li>Gelfand Mikhail GosNIIGenetika, 1st Dorozhny pr. 1, Moscow 113545 Russia<\/li>\n<li>Gerasimova Anna Integrated Genomics, Gubkina 3, Moscow 117333 Russia<\/li>\n<li>Goncharova Alla Kazakh national university, al-Farabi, 71, Almaty 480078 Kazakhstan<\/li>\n<li>Gorbunov Konstantin Institute of information transmission problems, Bol&#8217;shoi Karetnyi per. 19, Moscow 101447 Russia<\/li>\n<li>Gorlicki Michel INTAS 58 Avenue des Arts, Box 8, Brussels, 1000 Belgium<\/li>\n<li>Goryanin Igor Glaxo Research and Development, Glaxo House, Berkley Ave., Greenford, Middlesex, UB6 0NN, UK<\/li>\n<li>Graphodatsky Alexander Institute of Cytology and Genetics, Lavrentieva 10, Novosibirsk 630090 Russia<\/li>\n<li>Grigorovich Dmitry Institute of Cytology and Genetics, Lavrentieva 10, Novosibirsk 630090 Russia<\/li>\n<li>Gruntenko Nataly Institute of Cytology and Genetics, Lavrentieva 10, Novosibirsk 630090 Russia<\/li>\n<li>Gusyatiner Mikhail ZAO &#8216;AGRI&#8217;, 1st Dorozhny pr. 1, Moscow 113545 Russia<\/li>\n<li>Hakobyan Gagik Yerevan State University, Dept. of Physics, Al. Manoogyan str.-1, Yerevan 375025 Armenia<\/li>\n<li>Hodgman Charlie GSK Medicines Research Centre, Gunnels Wood Road, Stevenage SG1 2NY UK<\/li>\n<li>Hofestadt Ralf Bielefeld University, Bioinformatics Department, P.O.-Box 10 01 31 D-33501 Bielefeld Germany<\/li>\n<li>Holloway David British Columbia Institute of Technology, Burnaby, B.C. V5G 3H2 Canada<\/li>\n<li>Ibragimova Salmaz Institute of Cytology and Genetics, Lavrentieva 10, Novosibirsk 630090 Russia<\/li>\n<li>Ignatieva Elena Institute of Cytology and Genetics, Lavrentieva 10, Novosibirsk 630090 Russia<\/li>\n<li>Ignatov Alexander Center &#8220;Bioengineering&#8221; of RAS, Prospekt 60-letiya Oktyabrya 7\/1, Moscow 117312 Russia<\/li>\n<li>Issaeva Natalia Karolinska Institutet, CCK R8:00, Stockholm 171 76 Sweden<\/li>\n<li>Ivanisenko Vladimir Institute of Cytology and Genetics, Lavrentieva 10, Novosibirsk 630090 Russia<\/li>\n<li>Ivanov Alexandr Moscow State University, Faculty of Mechanics and Mathematics, Leninskie Gory, Moscow 119992 Russia<\/li>\n<li>Ivashchenko Anatoly Kazakh national university, al-Farabi 71, Almaty 480078 Kazakhstan<\/li>\n<li>Ivashchenko Timour Institute of Molecular Biology and Biochemistry, Dosmukhamedov st. 86, Almaty 480012 Kazakhstan<\/li>\n<li>Iwatani Shintaro Institute of Life Sciences Ajinomoto Co., Inc 1-1, Suzuki-cho, Kawasaki-ku, Kawasaki-shi 210-8681 Japan<\/li>\n<li>Junge Claudia Forschungszentrum J\u00fclich GmbH Projekttr\u00e4ger J\u00fclich Aussenstelle, Berlin Wallstr. 17-22, Berlin 10179 Germany<\/li>\n<li>Kabanov Artem Institute of Cell Biophysics, Pushchino, Moscow region 142290 Russia<\/li>\n<li>Kalinina Olga GosNIIGenetika, 1st Dorozhny pr. 1, Moscow 113545 Russia<\/li>\n<li>Karpenyuk Tatyana Kazakh national university, al-Farabi 71, Almaty 480078 Kazakhstan<\/li>\n<li>Katokhin Alexey Institute of Cytology and Genetics, Lavrentieva 10, Novosibirsk 630090 Russia<\/li>\n<li>Katokhina Liudmila Institute of Cytology and Genetics, Lavrentieva 10, Novosibirsk 630090 Russia<\/li>\n<li>Kazakov Alexei Integrated Genomics, Gubkina 3, Moscow 117333 Russia<\/li>\n<li>Kel Alexandre BIOBASE GmbH, Halchtersche Strasse 33, Wolfenbuettel 38304 Germany<\/li>\n<li>Khlebodarova Tamara Institute of Cytology and Genetics, Lavrentieva 10, Novosibirsk 630090 Russia<\/li>\n<li>Khlimankov Denis Novosibirsk Institute of Bioorganic Chemistry, Lavrentieva 8, Novosibirsk 630090 Russia<\/li>\n<li>Khodyreva Svetlana Novosibirsk Institute of Bioorganic Chemistry, Lavrentieva 8, Novosibirsk 630090 Russia<\/li>\n<li>Khusnutdinova Elza Institute of biochemistry and genetics, pr.Oktyabrya 69, Ufa 450054 Russia<\/li>\n<li>Kisselev Lev Engelhardt Institute of Molecular Biology, Vavilova 32, Moscow 119991 Russia<\/li>\n<li>Kivero Alexandr Closed-Stock company &#8220;Ajinomoto-Genetika Research Institute&#8221;, 1st Dorozniy proezd 1, Moscow 113545 Russia<\/li>\n<li>Klimov Eugene The Vavilov Institute of General Genetics, Gubkina 3, Moscow 119991 Russia<\/li>\n<li>Kochetov Alexei Institute of Cytology and Genetics, Lavrentieva 10, Novosibirsk 630090 Russia<\/li>\n<li>Kogay Vladislav Sobolev Institute of Mathematics, Koptyuga 4, Novosibirsk 630090 Russia<\/li>\n<li>Kolchanov Nikolay Institute of Cytology and Genetics, Lavrentieva 10, Novosibirsk 630090 Russia<\/li>\n<li>Kolpakov Fedor Design Technological Institute of Digital Techniques SB RAS, Institutskaya 6, Novosibirsk 630090 Russia<\/li>\n<li>Konstantinov Yuri The Siberian Institute of Plant Physiology &amp; Biochemistry SB RAS, 132 Lermontov St., P.O.Box 1243, Irkutsk 664033 Russia<\/li>\n<li>Koppmann Edda Bayer AG, Central Research, Department ZF-LSc-MB, Building Q 18, Leverkusen 51368 Germany<\/li>\n<li>Korotkov Eugene Center &#8220;Bioengineering&#8221; of RAS, Prospekt 60-letiya Oktyabrya 7\/1, Moscow 117312 Russia<\/li>\n<li>Kotelnikova Ekaterina GosNIIGenetika, 1st Dorozhny pr. 1, Moscow 113545 Russia<\/li>\n<li>Kovalerchuk Boris Central Washington University, Ellensburg, WA, USA<\/li>\n<li>Kovalyova Galina Integrated Genomics, Gubkina 3, Moscow 117333 Russia<\/li>\n<li>Kozlov Iouri Closed-Stock company &#8220;Ajinomoto-Genetika Research Institute&#8221;, 1st Dorozniy proezd 1, Moscow 113545 Russia<\/li>\n<li>Kramskova Zhanna Kazakh national university, al-Farabi 71, Almaty 480078 Kazakhstan<\/li>\n<li>Krassovitskiy Alexandr Kazakh national university, al-Farabi 71, Almaty 480078 Kazakhstan<\/li>\n<li>Kravatsky Youri Institute of Molecular Biology RAS, Moscow Russia<\/li>\n<li>Kravatsky Galina Institute of Molecular Biology RAS Moscow Russia<\/li>\n<li>Krysanova Janna Institute of Cytology and Genetics, Lavrentieva 10, Novosibirsk 630090 Russia<\/li>\n<li>Kudryavtseva Alena Institute of Cytology and Genetics, Lavrentieva 10, Novosibirsk 630090 Russia<\/li>\n<li>Kuznetsov Nikolay Institute of information transmission problems 19, Bolshoi Karetnii per., Moscow 101447 Russia<\/li>\n<li>Kuznetsov Vladimir NICHD\/NIH, 13 South Dr.,Rm.3W16, NIH, Bethesda, MD 20892 USA<\/li>\n<li>Laikova Olga GosNIIGenetika, 1st Dorozhny pr. 1, Moscow 113545 Russia<\/li>\n<li>Laktionov Pavel Novosibirsk Institute of Bioorganic Chemistry, Lavrentieva 8, Novosibirsk 630090 Russia<\/li>\n<li>Laskin Andrew Center &#8220;Bioengineering&#8221; of RAS, Prospekt 60-letiya Oktyabrya 7\/1, Moscow 117312 Russia<\/li>\n<li>Lavrovsky Yan Serono Pharmaceutical Research Institute, 14, chemin des Aulx, Geneva 1228 Switzerland<\/li>\n<li>Lavrushev Sergey Institute of Cytology and Genetics, Lavrentieva 10, Novosibirsk 630090 Russia<\/li>\n<li>Lebedeva Natalia Novosibirsk Institute of Bioorganic Chemistry, Lavrentieva 8, Novosibirsk 630090 Russia<\/li>\n<li>Lenski Serguei Social Designing Centre, Cherepanov st. 18-108, Yekaterinburg 620034 Russia<\/li>\n<li>Leontiev Andrei Kazan State Academy of Veterinary Medicine, Sibirsky trakt, 35 Kazan 420074 Russia<\/li>\n<li>Levitsky Victor Institute of Cytology and Genetics, Lavrentieva 10, Novosibirsk 630090 Russia<\/li>\n<li>Leyfer Dmitriy Boston University, 44 Cummington St., Rm.217, Boston 02215 USA<\/li>\n<li>Likhoshvai Vitalii Institute of Cytology and Genetics, Lavrentieva 10, Novosibirsk 630090 Russia<\/li>\n<li>Liu Gui-Rong National University of Singapore, Department of Mechnical Engineering, 10 Kent Ridge Crescent, Singapore<\/li>\n<li>Lockwood Christopher University of Exeter Noy Scott House, Haldon View Terrace, Exeter EX2 5AX UK<\/li>\n<li>Logvinenko Tanya Harvard University, Dept. of Statistics, Cambridge MA&lt; 02138 USA<\/li>\n<li>Lohova Irina Institute of Cytology and Genetics, Lavrentieva 10, Novosibirsk 630090 Russia<\/li>\n<li>Lukasiak Piotr Polish Academy of Sciences, Institute of Bioorganic Chemistry, Laboratory of Bioinformatics, ul. Noskowskiego 12\/14, Poznan 61-704 Poland<\/li>\n<li>Lyubetsky Elena Institute of information transmission problems , Bolshoi Karetnii per. 19, Moscow 101447 Russia<\/li>\n<li>Lyubetsky V. Institute of information transmission problems , Bolshoi Karetnii per. 19, Moscow 101447 Russia<\/li>\n<li>Marangoni Roberto Universit\u00e0 di Pisa, Dipartimento di Informatica, Corso Italia 40, Pisa 56125 Italy<\/li>\n<li>Makeev Vsevolod GosNIIGenetika, 1st Dorozhny pr. 1, Moscow 113545 Russia<\/li>\n<li>Makeyev Andrey InforMax Inc 7600 Wisconsin Ave, Suite 1100 Bethesda 20814 USA<\/li>\n<li>Malko Dmitry GosNIIGenetika, 1st Dorozhny pr. 1, Moscow 113545 Russia<\/li>\n<li>Matsui Kazuhiko Institute of Life Sciences Ajinomoto Co., Inc 1-1, Suzuki-cho, Kawasaki-ku, Kawasaki-shi 210-8681 Japan<\/li>\n<li>Matushkin Yurii Institute of Cytology and Genetics, Lavrentieva 10, Novosibirsk 630090 Russia<\/li>\n<li>Mazin Alexander MCP Hahnemann University, 245 N 15 Street, Philadelphia 19102 USA<\/li>\n<li>Miheev Maxim State Research Centre of Virology and Biotechnology &#8220;Vector&#8221;, Koltsovo, Novosibirsk reg 630559 Russia<\/li>\n<li>Milanesi Luciano CNR-ITB, Via Fratelli cervi 93, Segrate (MI) 20090 Italy<\/li>\n<li>Mironov Andrey Integrated Genomics, Gubkina Str 3, Moscow 117333 Russia<\/li>\n<li>Mischeko Elena Institute of Cytology and Genetics, Lavrentieva 10, Novosibirsk 630090 Russia<\/li>\n<li>Mizushima Hiroshi National Cancer Center Research Institute, Center for Medical Genomics, 5-1-1 Tsukiji Chuo-ku, Tokyo 104-0045 Japan<\/li>\n<li>Mjolsness Eric California Institute of Technology, 4800 Oak Grove Drive, Pasadena 91109 USA<\/li>\n<li>Moura Jose Universidade Nova de Lisboa,, Department of Chemistry, FCT, Quinta da Torre, Monte de Caparica 2825-114 Portugal<\/li>\n<li>Mushenkova Natalia IBH RAN, LSFHG Moscow 109263 Russia<\/li>\n<li>Naumochkin Andrey Institute of Cytology and Genetics, Lavrentieva 10, Novosibirsk 630090 Russia<\/li>\n<li>Naykova Tatiana Institute of Cytology and Genetics, Lavrentieva 10, Novosibirsk 630090 Russia<\/li>\n<li>Nedosekina Eugenia Institute of Cytology and Genetics, Lavrentieva 10, Novosibirsk 630090 Russia<\/li>\n<li>Nepomiastchy Pierre INRIA, Domaine de Voluceau, Rocquencourt, Le Chesnay 78153 France<\/li>\n<li>Neverov Alexey GosNIIGenetika, 1st Dorozhny pr. 1, Moscow 113545 Russia<\/li>\n<li>Nevinsky Georgy Novosibirsk Institute of Bioorganic Chemistry, Lavrentieva 8, Novosibirsk 630090 Russia<\/li>\n<li>Nikitin Alexei Engelhardt Institute of Molecular Biology Vavilova 32, Moscow 119991 Russia<\/li>\n<li>Nikolaev Sergey Institute of Cytology and Genetics, Lavrentieva 10, Novosibirsk 630090 Russia<\/li>\n<li>Nizolenko Lilia State Research Centre of Virology and Biotechnology &#8220;Vector&#8221;, Koltsovo, Novosibirsk reg 630559 Russia<\/li>\n<li>Novichkov Pavel The Vavilov Institute of General Genetics, Gubkina 3, Moscow 119991 Russia<\/li>\n<li>Nurtdinov Ramil&#8217; Moscow State University, College of Physics, Leninskie Gory, Moscow 119992 Russia<\/li>\n<li>Oleynikova Natalia Moscow Institute of Physics and Technology, Institutsky pereulok 9, Dolgoprudny, Moscow Region, 141700 Russia<\/li>\n<li>Omelianchuk Nadya Institute of Cytology and Genetics, Lavrentieva 10, Novosibirsk 630090 Russia<\/li>\n<li>Oparina Nina Engelhardt Institute of Molecular Biology, Vavilova 32, Moscow 119991 Russia<\/li>\n<li>Orlov Yury Institute of Cytology and Genetics, Lavrentieva 10, Novosibirsk 630090 Russia<\/li>\n<li>Orlova Galina Institute of Cytology and Genetics, Lavrentieva 10, Novosibirsk 630090 Russia<\/li>\n<li>Orlovskaya Irina Research Institute of Clinical Immunology SB RAMS, Yadrintsevskaya str. 14, Novosibirsk 630099 Russia<\/li>\n<li>Oshchepkov Dmitry Institute of Cytology and Genetics, Lavrentieva 10, Novosibirsk 630090 Russia<\/li>\n<li>Ozoline Olga Institute of Cell Biophysics, Pushchino, Moscow reg 142290 Russia<\/li>\n<li>Palyanov Andrey NSU, Pirova 2, Novosibirsk 630090 Russia<\/li>\n<li>Paskhin Alexei MIPT, Institutski per. 9, Dolgoprudny, Moscow 141700 Russia<\/li>\n<li>Permina Elizaveta GosNIIGenetika, 1st Dorozhny pr. 1, Moscow 113545 Russia<\/li>\n<li>Pestriakov Pavel Novosibirsk Institute of Bioorganic Chemistry, Lavrentieva 8, Novosibirsk 630090 Russia<\/li>\n<li>Petrousseva Irina Novosibirsk Institute of Bioorganic Chemistry, Lavrentieva 8, Novosibirsk 630090 Russia<\/li>\n<li>Pichueva Anna Institute of Cytology and Genetics, Lavrentieva 10, Novosibirsk 630090 Russia<\/li>\n<li>Podkolodnaya Olga Institute of Cytology and Genetics, Lavrentieva 10, Novosibirsk 630090 Russia<\/li>\n<li>Podkolodnii Nikolay Institute of Cytology and Genetics, Lavrentieva 10, Novosibirsk 630090 Russia<\/li>\n<li>Pospisil Heike MDC, Dep.of Bioinformatics, R.-Roessle-Str.10, Berlin 13125 Germany<\/li>\n<li>Pozdniakov Mikhail Institute of Cytology and Genetics, Lavrentieva 10, Novosibirsk 630090 Russia<\/li>\n<li>Proscura Anna Institute of Cytology and Genetics, Lavrentieva 10, Novosibirsk 630090 Russia<\/li>\n<li>Puchenia Tatsiana Institute of Epidemiology &amp; Microbiology, K. Tsetkin 4, Minsk Republic of Belarus<\/li>\n<li>Ragulina Larisa Engelhardt Institute of Molecular Biology, Vavilova 32, Moscow 119991 Russia<\/li>\n<li>Rakhmanaliev Elian The Vavilov Institute of General Genetics, Gubkina 3, Moscow 119991 Russia<\/li>\n<li>Ramensky Vasily Engelhardt Institute of Molecular Biology, Vavilova 32, Moscow 119991 Russia<\/li>\n<li>Ratushny Alexander Institute of Cytology and Genetics, Lavrentieva 10, Novosibirsk 630090 Russia<\/li>\n<li>Ravcheyev Dmitry Moscow State University, Leninskie Gory, Moscow 119992 Russia<\/li>\n<li>Regnier Mirelle INRIA, Le Chesnay 78 153 France<\/li>\n<li>Reinitz John Stony Brook University, Dept. of Applied Mathematics and Statistics, Stony Brook, NY 11794-3600 USA<\/li>\n<li>Roytberg Mikhail Institute of Mathematical Problems in Biology, Pushchino, Moscow Region 142290 Russia<\/li>\n<li>Rubanov Lev Institute for Infromation Transmission Problems of RAS, Bolshoy Karetnyj per. 19, Moscow 101447 Russia<\/li>\n<li>Sadovskaya Nataliya Institute for Infromation Transmission Problems of RAS, Bolshoy Karetnyj per. 19, Moscow 101447 Russia<\/li>\n<li>Salina Elena Institute of Cytology and Genetics, Lavrentieva 10, Novosibirsk 630090 Russia<\/li>\n<li>Samsonova Maria St.Petersburg Technical University, Tikhorezkii pr. 21, Petersburg 195251 Russia<\/li>\n<li>Sand Oliver University of Glasgow, 17 Lilybank Gardens, Glasgow G12 8QQ UK<\/li>\n<li>Sarai Akinori RIKEN 3-1-1 Koyadai, Tsukuba 305-0074 Japan<\/li>\n<li>Schmidt Ingmar INTAS, 58 Avenue des Arts, Box 8, Brussels, 1000 Belgium<\/li>\n<li>Schr\u00f6der Heinz Christoph Institut f\u00fcr Physiologische Chemie, Duesbergweg 6, Mainz D-55099 Germany<\/li>\n<li>Schubert Carole INTAS, 58 Avenue des Arts, Box 8, Brussels, 1000 Belgium<\/li>\n<li>Schwarzl Sonya IWR \u2013 Biocomputing Im Neuenheimer Feld 368, Heidelberg 69120 Germany<\/li>\n<li>Shcheglova Tatyana Institute of Cytology and Genetics, Lavrentieva 10, Novosibirsk 630090 Russia<\/li>\n<li>Shelest Ekaterina German Research Centre for Biotechnology, Mascheroder Weg 1, Braunschweig 38124 Germany<\/li>\n<li>Sidorenko Svetlana R.E. Kavetsky Institute of Experimental Pathology, Oncology and Radiobiology, Vasylkivska str. 45, Kyiv, 03022 Ukraine<\/li>\n<li>Sinitsyna Olga Institute of Cytology and Genetics, Lavrentieva 10, Novosibirsk 630090 Russia<\/li>\n<li>Smirnova Olga Institute of Cytology and Genetics, Lavrentieva 10, Novosibirsk 630090 Russia<\/li>\n<li>Sobolev Boris Institute of Biomedical Chemistry RAMS, Pogodinskaya 10, Moscow 119992 Russia<\/li>\n<li>Sorokin Anatoly Institute of Cell Biophysics, Pushchino, Moscow reg 142290 Russia<\/li>\n<li>Sournina Natalia Institute of Cytology and Genetics, Lavrentieva 10, Novosibirsk 630090 Russia<\/li>\n<li>Sinyakov Alexander State Research Centre of Virology and Biotechnology &#8220;Vector&#8221;, Koltsovo, Novosibirsk reg 630559 Russia<\/li>\n<li>Stavrovskaya Elena GosNIIGenetika, 1st Dorozhny pr. 1, Moscow 113545 Russia<\/li>\n<li>Stepanenko Irina Institute of Cytology and Genetics, Lavrentieva 10, Novosibirsk 630090 Russia<\/li>\n<li>Stoebel Horst-Guenter International Bureau of the Federal Ministry for Education and Research, Koenigswinterer Str. 522 \u2013 524, Bonn 53227 Germany<\/li>\n<li>Sukhanova Maria Novosibirsk Institute of Bioorganic Chemistry, Lavrentieva 8, Novosibirsk 630090 Russia<\/li>\n<li>Suslov Valentin Institute of Cytology and Genetics, Lavrentieva 10, Novosibirsk 630090 Russia<\/li>\n<li>Sutormin Roman GosNIIGenetika, 1st Dorozhny pr. 1, Moscow 113545 Russia<\/li>\n<li>Sydorowych Inna Institute of Cell Biology, Dragomanow St. 14\/16, Lwiw 79005 Ukraine<\/li>\n<li>Tarasov Denis Kazan State University, Kremlevskaya 18, Kazan 420001 Russia<\/li>\n<li>Tchuraev Rustem Institute of Biology, Prospect Octyabrya 69, Ufa 450054 Russia<\/li>\n<li>Tereshchenko Feodor InforMax Inc., 7600 Wisconsin Avenue, Bethesda, MD 20814 USA<\/li>\n<li>Titov Igor Institute of Cytology and Genetics, Lavrentieva 10, Novosibirsk 630090 Russia<\/li>\n<li>Triboy Tatyana LIN, Ulan-Batorskaya 3, Irkutsk 664033 Russia<\/li>\n<li>Turnaev Igor Institute of Cytology and Genetics, Lavrentieva 10, Novosibirsk 630090 Russia<\/li>\n<li>Tuzhilin Alexey Moscow State University, Faculty of Mechanics and MAthematics, Leninskie Gory, Moscow 119992 Russia<\/li>\n<li>Udina Irina Vavilov Institute of General Genetics, Gubkina 3, Moscow 119991 Russia<\/li>\n<li>Vandenbogaert Mathias INRIA, Rocquencourt Domaine de Voluceau B.P. 105, Le Chesnay FR-78153 France<\/li>\n<li>Vinogradov Dmitriy Moscow State University, Leninskie Gory, Moscow 119992 Russia<\/li>\n<li>Vishnevsky Oleg Institute of Cytology and Genetics, Lavrentieva 10, Novosibirsk 630090 Russia<\/li>\n<li>Vityaev Eugenii Institute of Cytology and Genetics, Lavrentieva 10, Novosibirsk 630090 Russia<\/li>\n<li>Vlasov Peter Engelhardt Institute of Molecular Biology, Vavilova 32, Moscow 119991 Russia<\/li>\n<li>Vodyanitsky Nikolay Institute of Cytology and Genetics, Lavrentieva 10, Novosibirsk 630090 Russia<\/li>\n<li>Vorobiev Denis Institute of Cytology and Genetics, Lavrentieva 10, Novosibirsk 630090 Russia<\/li>\n<li>Vorobjev Yurii Novosibirsk Institute of Bioorganic Chemistry, Lavrentieva 8, Novosibirsk 630090 Russia<\/li>\n<li>V&#8217;yugin Vladimir Institute for Infromation Transmission Problems of RAS, Bolshoy Karetnyj per. 19, Moscow 101447 Russia<\/li>\n<li>Watkins Christopher University of London Egham, Department of Computer Science, Royal Holloway, Surrey TW20 0EX UK<\/li>\n<li>Wingender Edgar German Research Centre for Biotechnology, Mascheroder Weg 1, Braunschweig D-38124 Germany<\/li>\n<li>Yankovsky Nikolay Vavilov Institute of General Genetics, Gubkina 3, Moscow 119991 Russia<\/li>\n<li>Yenamandra Surya Pavan University of Hyderabad, Department of Biochemistry, School of Lifesciences, Hyderabad 500 046 India<\/li>\n<li>Yudin Nikolai Institute of Cytology and Genetics, Lavrentieva 10, Novosibirsk 630090 Russia<\/li>\n<li>Yurlova Anna Institute of Cytology and Genetics, Lavrentieva 10, Novosibirsk 630090<\/li>\n<li>Zagoruiko Nikolay Institute of Mathematics SD RAS, pr. Koptyuga 4, Novosibirsk 630090 Russia<\/li>\n<li>Zharkov Dmitry Novosibirsk Institute of Bioorganic Chemistry, Lavrentieva 8, Novosibirsk 630090 Russia<\/li>\n<li>Zhatchenko Sergey Design Technological Institute of Digital Techniques SB RAS, Institutskaya 6, Novosibirsk 630090 Russia<\/li>\n<li>Zhivotovsky Lev Vavilov Institute of General Genetics, Gubkina 3, Moscow 119991 Russia<\/li>\n<\/ul>\n<p><\/p>","protected":false},"excerpt":{"rendered":"<p>Afonnikov Dmitry Institute of Cytology and Genetics, Lavrentieva 10, Novosibirsk 630090 Russia Akimov Yuri R.E. Kavetsky Institute of Experimental Pathology, Oncology and Radiobiology Vasylkivska 45, Kyiv 03022 Ukraine Alexeyenko Andrey NCIHV, 40-let. Pobedy 39, Krasnodar 350047 Russia Alikina Tatyana Novosibirsk &hellip; <a href=\"https:\/\/conf.icgbio.ru\/bgrs2002\/en\/list-of-par\/\">Continue reading <span class=\"meta-nav\">&rarr;<\/span><\/a><\/p>\n","protected":false},"author":13,"featured_media":0,"parent":0,"menu_order":0,"comment_status":"closed","ping_status":"closed","template":"","meta":[],"_links":{"self":[{"href":"https:\/\/conf.icgbio.ru\/bgrs2002\/en\/wp-json\/wp\/v2\/pages\/48"}],"collection":[{"href":"https:\/\/conf.icgbio.ru\/bgrs2002\/en\/wp-json\/wp\/v2\/pages"}],"about":[{"href":"https:\/\/conf.icgbio.ru\/bgrs2002\/en\/wp-json\/wp\/v2\/types\/page"}],"author":[{"embeddable":true,"href":"https:\/\/conf.icgbio.ru\/bgrs2002\/en\/wp-json\/wp\/v2\/users\/13"}],"replies":[{"embeddable":true,"href":"https:\/\/conf.icgbio.ru\/bgrs2002\/en\/wp-json\/wp\/v2\/comments?post=48"}],"version-history":[{"count":1,"href":"https:\/\/conf.icgbio.ru\/bgrs2002\/en\/wp-json\/wp\/v2\/pages\/48\/revisions"}],"predecessor-version":[{"id":49,"href":"https:\/\/conf.icgbio.ru\/bgrs2002\/en\/wp-json\/wp\/v2\/pages\/48\/revisions\/49"}],"wp:attachment":[{"href":"https:\/\/conf.icgbio.ru\/bgrs2002\/en\/wp-json\/wp\/v2\/media?parent=48"}],"curies":[{"name":"wp","href":"https:\/\/api.w.org\/{rel}","templated":true}]}}