{"id":25,"date":"2021-10-20T10:57:48","date_gmt":"2021-10-20T03:57:48","guid":{"rendered":"https:\/\/conf.icgbio.ru\/rf-seminar\/?page_id=25"},"modified":"2021-10-20T10:58:02","modified_gmt":"2021-10-20T03:58:02","slug":"participants","status":"publish","type":"page","link":"https:\/\/conf.icgbio.ru\/rf-seminar\/en\/participants\/","title":{"rendered":"Seminar participants"},"content":{"rendered":"<ol>\n<li class=\"Text-obraschenia\">\n<p class=\"spisok\">Afonnikov Dmitry, Ph. D., Evolutionary bioinformatics Group Leader; Institute of Cytology and Genetics SB RAS, Novosibirsk<\/p>\n<\/li>\n<li class=\"Text-obraschenia\">\n<p class=\"spisok\">Akberdin Ilya, Ph. D., Institute of Cytology and Genetics SB RAS, Novosibirsk<\/p>\n<\/li>\n<li class=\"Text-obraschenia\">\n<p class=\"spisok\">Bolotine Alexander, Ph. D.; MICALIS, INRA<\/p>\n<\/li>\n<li class=\"Text-obraschenia\">\n<p class=\"spisok\">Faraut Thomas, Laboratoire de G\u00e9n\u00e9tique Cellulaire INRA chemin<\/p>\n<\/li>\n<li class=\"Text-obraschenia\">\n<p class=\"spisok\">Fromion Vincent, Unit &#8220;Mathematics, Informatics and Genome&#8221; (MIG), INRA<\/p>\n<\/li>\n<li class=\"Text-obraschenia\">\n<p class=\"spisok\">Gibrat Jean-Fran\u00e7ois, Ph. D., Head of the Math\u00e9matique, Informatique et G\u00e9nome (MIG) laboratory, INRA<\/p>\n<\/li>\n<li class=\"Text-obraschenia\">\n<p class=\"spisok\">Ivanisenko Vladimir, Ph. D., Assoc. Prof., Computer Proteomics Group Leader; Institute of Cytology and Genetics SB RAS, Novosibirsk<\/p>\n<\/li>\n<li class=\"Text-obraschenia\">\n<p class=\"spisok\">Kochetov Alex, Ph. D., Assoc. Prof., Head of the Genetic Engineering Lab; Institute of Cytology and Genetics SB RAS, Novosibirsk<\/p>\n<\/li>\n<li class=\"Text-obraschenia\">\n<p class=\"spisok\">Kolchanov Nikolai, Professor, Full Member of the Russian Academy of Sciences, Doctor in Biological Sciences, Director; Institute of Cytology and Genetics SB RAS, Novosibirsk<\/p>\n<\/li>\n<li class=\"Text-obraschenia\">\n<p class=\"spisok\">Levitsky Victor, Ph.D., Institute of Cytology and Genetics SB RAS, Novosibirsk<\/p>\n<\/li>\n<li class=\"Text-obraschenia\">\n<p class=\"spisok\">Likhoshvai Vitaly, Ph.D., Institute of Cytology and Genetics SB RAS, Novosibirsk<\/p>\n<\/li>\n<li class=\"Text-obraschenia\">\n<p class=\"spisok\">Lisitsa Andrey, Professor, Dr. Sci, Deputy Director of the of the Institute of Biomedical Chemistry RAMS, Moscow<\/p>\n<\/li>\n<li class=\"Text-obraschenia\">\n<p class=\"spisok\">Makeev Vsevolod, Ph.D., Head of the Department, Institute of genetics and selection of industrial microorganisms, GosNIIgenetika, Moscow<\/p>\n<\/li>\n<li class=\"Text-obraschenia\">\n<p class=\"spisok\">Matushkin Yurii, Ph. D., Assoc. Prof., Head of the Molecular-genetic systems Lab; Institute of Cytology and Genetics SB RAS, Novosibirsk<\/p>\n<\/li>\n<li class=\"Text-obraschenia\">\n<p class=\"spisok\">Mironova Viktorya, MSc., Institute of Cytology and Genetics SB RAS, Novosibirsk<\/p>\n<\/li>\n<li class=\"Text-obraschenia\">\n<p class=\"spisok\">Peaucelle Alexis, Ph. D.; Laboratoire de Biologie Cellulaire, Institut Jean-Pierre Bourgin, INRA<\/p>\n<\/li>\n<li class=\"Text-obraschenia\">\n<p class=\"spisok\">Rodolphe Fran\u00e7ois, Senior researcher, Unit &#8220;Mathematics, Informatics and Genome&#8221; (MIG), INRA<\/p>\n<\/li>\n<li class=\"Text-obraschenia\">\n<p class=\"spisok\">Samsonova Maria, Dr., Head of the Department of Computational Biology, St.Petersburg State Polytechnical University, St.Petersburg<\/p>\n<\/li>\n<li class=\"Text-obraschenia\">\n<p class=\"spisok\">Trubuil Alain, Ph. D., Applied Mathematics and Informatics Group Leader; INRA<\/p>\n<\/li>\n<li class=\"Text-obraschenia\">\n<p class=\"spisok\">Turenne Nicolas, Mathematics, Computer Science and Genome laboratory , INRA<\/p>\n<\/li>\n<\/ol>\n","protected":false},"excerpt":{"rendered":"<p>Afonnikov Dmitry, Ph. D., Evolutionary bioinformatics Group Leader; Institute of Cytology and Genetics SB RAS, Novosibirsk Akberdin Ilya, Ph. D., Institute of Cytology and Genetics SB RAS, Novosibirsk Bolotine Alexander, Ph. D.; MICALIS, INRA Faraut Thomas, Laboratoire de G\u00e9n\u00e9tique Cellulaire &hellip; <a href=\"https:\/\/conf.icgbio.ru\/rf-seminar\/en\/participants\/\">Continue reading <span class=\"meta-nav\">&rarr;<\/span><\/a><\/p>\n","protected":false},"author":13,"featured_media":0,"parent":0,"menu_order":0,"comment_status":"closed","ping_status":"closed","template":"","meta":[],"_links":{"self":[{"href":"https:\/\/conf.icgbio.ru\/rf-seminar\/en\/wp-json\/wp\/v2\/pages\/25"}],"collection":[{"href":"https:\/\/conf.icgbio.ru\/rf-seminar\/en\/wp-json\/wp\/v2\/pages"}],"about":[{"href":"https:\/\/conf.icgbio.ru\/rf-seminar\/en\/wp-json\/wp\/v2\/types\/page"}],"author":[{"embeddable":true,"href":"https:\/\/conf.icgbio.ru\/rf-seminar\/en\/wp-json\/wp\/v2\/users\/13"}],"replies":[{"embeddable":true,"href":"https:\/\/conf.icgbio.ru\/rf-seminar\/en\/wp-json\/wp\/v2\/comments?post=25"}],"version-history":[{"count":1,"href":"https:\/\/conf.icgbio.ru\/rf-seminar\/en\/wp-json\/wp\/v2\/pages\/25\/revisions"}],"predecessor-version":[{"id":26,"href":"https:\/\/conf.icgbio.ru\/rf-seminar\/en\/wp-json\/wp\/v2\/pages\/25\/revisions\/26"}],"wp:attachment":[{"href":"https:\/\/conf.icgbio.ru\/rf-seminar\/en\/wp-json\/wp\/v2\/media?parent=25"}],"curies":[{"name":"wp","href":"https:\/\/api.w.org\/{rel}","templated":true}]}}