{"id":259,"date":"2016-06-02T11:15:48","date_gmt":"2016-06-02T08:15:48","guid":{"rendered":"http:\/\/conf.bionet.nsc.ru\/sbb2016\/?page_id=259"},"modified":"2021-05-05T21:20:41","modified_gmt":"2021-05-05T14:20:41","slug":"abstracts","status":"publish","type":"page","link":"https:\/\/conf.icgbio.ru\/sbb2016\/en\/abstracts\/","title":{"rendered":"Abstracts (oral-poster)"},"content":{"rendered":"<p>&nbsp;<\/p>\n<p>Dear participants!<\/p>\n<p>Below you can find a list of oral-poster abstracts,\u00a0please, find your abstract in the list.<\/p>\n<p>In case you sibmitted an abstract and it is not in the list or you have some comments about oral-poster type, write to us.<\/p>\n<p style=\"text-align: center;\"><span style=\"text-decoration: underline;\"><strong>ORAL REPORTS:<\/strong><\/span><\/p>\n<ol>\n<li style=\"text-align: left;\">M.Malkowska, J.Zubek , D.Plewczynski , L.S.Wyrwicz PREDICTION OF FUNCTIONAL EFFECTS OF REGULATORY SEQUENCE VARIATIONS<\/li>\n<li style=\"text-align: left;\">U.Kairov, A.Molkenov, S.Rakhimova, A.Abilmazhinova, M.Zhalbinova, D.Yerezhepov, A.Akhmetova, Y.Zhukov, M.Omarov, M.Popova, A.Zinovyev, A.Akilzhanova and Zh.Zhumadilov FUNCTIONAL ANALYSIS OF RNA-SEQ TRANSCRIPTOMES FROM OESOPHAGEAL CANCER SPECIMENS OF KAZAKHSTANI PATIENTS<\/li>\n<li style=\"text-align: left;\">J.H. Buchbinder, N.V. Ivanisenko, M. Bollmann, M. Richter, V.A. Ivanisenko, I.N. Lavrik, TARGETING CD\/FAS SIGNALING WITH PEPTIDES DERIVED FROM V-FLIP\/NEMO CRYSTAL STRUCTURE<\/li>\n<li style=\"text-align: left;\">A. Rodic, M. Djordjevic MODELING RESTRICTION-MODIFICATION SYSTEMS: EXPRESSING TOXIC MOLECULES WITHIN A CELL<\/li>\n<li style=\"text-align: left;\">S. Aphimeteetamrong and C. Kittiwongwattana S RRNA GENE SEQUENCE ANALYSIS OF EPIPHYTIC BACTERIA ISOLATED FROM ORGANIC RICE (ORYZA SATIVA)<\/li>\n<li style=\"text-align: left;\">T. Stankovic, J. Guzina, M. Nikolic, M. Djordjevic, PREDICTING SMALL RNAS FROM BACTERIAL GENOME<\/li>\n<li style=\"text-align: left;\">O.M. Plotnikova, M. Y. Skoblov, ANALYSIS OF MIRNA-MRNA INTERACTOME IN HUMAN: GENERAL CHARACTERISTICS AND PREDICTIONS EVALUATIONS<\/li>\n<li style=\"text-align: left;\">E.V. Kashina,D.Y. Oshchepkov, D.P. Furman, V.A. Mordvinov, DIOXIN-MEDIATED REGULATION OF KEY GENES INVOLVED IN THE FUNCTIONAL\u00a0HARACTERISTICS OF MACROPHAGES<\/li>\n<li style=\"text-align: left;\">B. Blagojevic, M. Djordjevic, M. Djordjevic HOW TO ACCOMPLISH A RAPID DEFENSE AGAINST FOREIGN DNA &#8211; RESTRICTION-MODIFICATION SYSTEMS AND IMPLICATIONS FOR SYNTHETIC GENE CIRCUITS<\/li>\n<li style=\"text-align: left;\">E.I. Bondar, M.G. Sadovsky, Y.A. Putintseva, M. Yu. Senashova COMPARATIVE STUDYING OF MULTICLUSTER STRUCTURE OF CHLOROPLAST GENOMES<\/li>\n<li style=\"text-align: left;\">D. N. Kamenskaya, M. V. Pankova, D. M. Atopkin, V. A. Brykov DIVERGENCE OF PARALOGOUS GROWTH HORMONE GENES IN SALMONIDS<\/li>\n<li style=\"text-align: left;\">E.N. Grafskaia, V.V. Babenko IN SILICO SEARCHING STRATEGY OF NEW ANTIMICROBIAL PROTEINS AND PEPTIDES: THE CASE OF TRANSCRIPTOME STUDY OF THE MEDICINAL LEECH<\/li>\n<li style=\"text-align: left;\">A. Hadarovich, I. Anishchenko, A.V. Tuzikov, P. J. Kundrotas, I. A. Vakser SCORING OF PROTEIN DOCKING BY GENE ONTOLOGY<\/li>\n<li style=\"text-align: left;\">J. Guzina, M. Djordjevic TRANSCRIPTION BY ALTERNATIVE SIGMA FACTORS: REVISING THE RIGIDNESS PARADIGM<\/li>\n<li style=\"text-align: left;\">V. V. Kovriznykh, F.V. Kazantsev , N.A. Omelyanchuk, V.V. Mironova, MATHEMATICAL MODELING A RECIPROCAL INTERACTIONS BETWEEN AUXIN AND ITS PIN TRANSPORTERS IN THE ROOT TIP OF A. THALINA L.<\/li>\n<li style=\"text-align: left;\">A.D. Liaudanski, M.S. Rodzkin, V.S. Pankratov, D.E. Danilau, I.A. Karpov, O.G.\u00a0Davydenko GENOTYPE DISTRIBUTION IN PATIENTS WITH CHRONIC HEPATITIS C ANALYSIS USING MULTIFACTOR DIMENSIONALITY REDUCTION METHOD<\/li>\n<li style=\"text-align: left;\">N.B. Mandzyak, I.A. Kaygorodova, MOLECULAR EVOLUTION AND SYSTEMATICS OF FLAT LEECHES (HIRUDINEA: GLOSSIPHONIIDAE)<\/li>\n<li style=\"text-align: left;\">M.A. Orlov, A.A. Ryasik, E.A. Temlyakova, A.A. Sorokin CLUSTER ANALYSIS OF PHYSICAL CHARACTERISTICS IN E. COLI PROMOTERS<\/li>\n<li style=\"text-align: left;\">D.I. Ostromyshenski, A.S. Komissarov, I.S Kuznetsova, O.I. Podgornaya IN SILICO MOUSE CHROMOCENTERS CONTENT<\/li>\n<li style=\"text-align: left;\">A.I. Paramonov, Yu.P. Dzhioev, I.V. Kozlova IDENTIFICATION OF RECOMBINATION SITES IN THE GENOMES OF THE EUROPEAN SUBTYPE OF TICK BORNE ENCEPHALITIS VIRUS<\/li>\n<li style=\"text-align: left;\">D.Penzar, M.S.Krivozubov, S.A.Spirin PQ: A NEW PROGRAM FOR PHYLOGENETIC RECONSTRUCTION<\/li>\n<li style=\"text-align: left;\">A. B. Mart\u00ednez , Y. M. \u00c1. Ginarte , M. S. Carrazana, E. M. Fr\u00edas, C. R. Tanty PREDICTION OF AMYLOID AGREGATION INHIBITORS AS A THERAPEUTIC ALTERNATIVE FOR TREATMENT OF ALZHEIMER&#8217;S DISEASE. A MOLECULAR DYNAMICS STUDY<\/li>\n<li style=\"text-align: left;\">A. Sowajassatakula, T. Prammanananb,d, A. Chaiprasertc,d, S. Phunprucha,e INVESTIGATION A ROLE OF DRUG EFFLUX PUMP IN AMINOGLYCOSIDE-RESISTANT MYCOBACTERIUM TUBERCULOSIS CLINICAL STRAIN<\/li>\n<li style=\"text-align: left;\">G.K. Suvorov, D.V. Telegina, E.A. Rudnitskaya, N.A. Stefanova, N.G. Kolosova IDENTIFICATION OF PATHWAYS ASSOCIATED WITH CELL DEATH IN THE CORTEX OF OXYS RATS AS THE SIGNS OF ALZHEIMER\u2019S DISEASE DEVELOP<\/li>\n<li style=\"text-align: left;\">D.S. Volkava, S.I. Leanovich, A.A. Melnikava, E.A. Khramtsova CHARACTERISTICS OF ACDS-GENE OF BACTERIA PSEUDOMONAS PUTIDA B-7 RESPONSIBLE FOR ACC-DEAMINASE SYNTHESIS<\/li>\n<li style=\"text-align: left;\">S.G.Davydova, E.A. Biberdorf MODELING OF THE BLOOD FLOW IN THE NARROWED VESSELS<\/li>\n<li style=\"text-align: left;\">N. Panyushev , E. Lomert , D. Tentler , A. Predeus SEARCH FOR FUNCTIONAL NF-KB BINDING SITES VIA META-ANALYSIS OF NGS EXPERIMENTS IN HUMAN CELL LINES<\/li>\n<li style=\"text-align: left;\">T. O. Shepelyuk,, A. N. Sveshnikova, COMPUTATIONAL MODELLING OF QUIESCENT PLATELET ENERGETIC METABOLISM<\/li>\n<li style=\"text-align: left;\">V.S. Fedotova, M.G. Sadovsky, Yu.A. Putintseva, PHYLOGENY DEVELOPED OVER THE TRIPLET COMPOSITION OF MITOCHONDRIAL GENOMES<\/li>\n<li style=\"text-align: left;\">D.A. Parshukova, L.P. Smirnova, V.N. Buneva, A.V. Semke, S.A. Ivanova PROTEOLYTIC ACTIVITY OF IMMUNOGLOBULINS G OF PATIENTS WITH SCHIZOPHRENIA<\/li>\n<li style=\"text-align: left;\">E.M. Dmitrieva, L.P. Smirnova, A.A. Seregin, A.A. Letova, A.V. Semke, S.A. Ivanova, V.G. Zgoda EVIDENS OF VIOLETIONS OF GLUTAMATERGIC NEUROTRANSMISSION IN PATIENTS WITH SCHIZOPHRENIA USING PROTEOMICS METHODS<\/li>\n<li style=\"text-align: left;\">A.I.\u00a0Perfileva\u00a0 SEARCH OF GENETIC SEQUENCES OF POTATOES IN DATABASES<\/li>\n<\/ol>\n<p style=\"text-align: center;\"><strong><span style=\"text-decoration: underline;\">POSTERS:<\/span><\/strong><\/p>\n<ol>\n<li style=\"text-align: left;\">A.M.Mukhin SEARCH FOR THE CONTEXT FEATURES IN THE REGULATORY SEQUENCES OF ARABIDOPSIS THALIANA GENES ASSOCIATED WITH THE HOURGLASS PATTERN<\/li>\n<li style=\"text-align: left;\">Z.S. Mustafin, D.A. Afonnikov, K.V. Gunbin, Yu.G. Matushkin, S.A. Lashin, ORTHOSCAPE: A CYTOSCAPE PLUGIN FOR EVOLUTIONARY ANALYSIS OF GENE NETWORKS<\/li>\n<li style=\"text-align: left;\">A. I. Klimenko, Yu.G. Matushkin, N.A. Kolchanov, S.A. Lashin PHAGE INFECTION SLOWS DOWN SPECIATION CAUSED BY GENE LOSS AND HORIZONTAL GENE TRANSFER OF METABOLIC GENES IN MODELS OF SPATIALLY DISTRIBUTED BACTERIAL COMMUNITIES<\/li>\n<li style=\"text-align: left;\">I. S. Dyachenko, S. A. Lashin, O. L. Posukh PROGRAM COMPLEX FOR DEAFNESS\u2019 SOCIAL ASPECTS SIMULATION<\/li>\n<li style=\"text-align: left;\">A.D. Chekantsev, S.A. Lashin, SOFTWARE MODULE FOR INTEGRATION OF SBML-WRITTEN MATHEMATICAL MODELS OF MOLECULAR GENETIC SYSTEMS FOR THE HAPLOID EVOLUTIONARY CONSTRUCTOR D SOFTWARE PACKAGE<\/li>\n<li style=\"text-align: left;\">A.Yu. Nosova, O.I. Zaitseva, M.V. Bogdanova IDENTIFICATION OF STURGEON SPECIES WITH MTDNA AND MICROSATELLITE MARKERS IN BELARUS<\/li>\n<li style=\"text-align: left;\">V. A. Andryushchenko A HYDRODYNAMIC VIEW OF FOLDING OF AN ALPHA-HELICAL HAIRPIN<\/li>\n<li style=\"text-align: left;\">D.D. Novikova, N.A. Omelyanchuk and V.V. Mironova MEMBRANE-ASSOCIATED KINASE REGULATORS OF MAKR FAMILY GENES IN ARABIDOPSIS THALIANA L.<\/li>\n<li style=\"text-align: left;\">L.A. Yarinich, M.O. Lebedev, A.V. Pindyurin, OPTIMIZATION OF THE PIGGYBAC TRANSPOSON SYSTEM FOR CULTURED DROSOPHILA CELLS<\/li>\n<li style=\"text-align: left;\">K.V. Strygina, E.K. Khlestkina, MYC GENE FAMILY IN CEREALS: TRANSFORMATION IN THE COURCE OF THE TRITICUM AND AEGILOPS GENERA EVOLUTION<\/li>\n<li style=\"text-align: left;\">A. M. Spitsina EXPGENE &#8211; SOFTWARE FOR ANALYSIS AND PROCESSING OF GENE EXPRESSION DATA<\/li>\n<li style=\"text-align: left;\">I.V. Bykova, O.I. Golosova, A.Y. Bakulina, D.A. Afonnikov, D.Y. Kandrov, A.Y. Palyanov, G.A. Grekhov, Y.E. Danilova UGENE: A TOOLKIT FOR TEACHING STUDENTS<\/li>\n<li style=\"text-align: left;\">A.V.Chechushkov, N.K. Zenkov, E.B. Menshchikova ANTIOXIDANT RESPONSE ELEMENT CONTROLS LYSOSOMAL BIOGENESIS MASTER-REGULATOR GENES<\/li>\n<li style=\"text-align: left;\">A.V. Cherkasov, K.V. Arshavsky, V.N. Sychev, M.A. Levinskikh, O.A. Gusev, LONG-TERM SPACEFLIGHT MEDIATED CHANGES IN PROMOTER LANDSCAPE IN ZEBRAFISH TISSUES<\/li>\n<li style=\"text-align: left;\">T. S. Frolova, D. S. Baev, A. V. Petrova, E. F. Khusnutdinova, O. I. Sinitsyna, MOLECULAR MODELING OF THE INTERACTION BETWEEN INDOLE LUPANE DERIVATIVES AND C-MYC\/MAX HETERODIMER<\/li>\n<li style=\"text-align: left;\">I.A. Garanina, G.U. Fisunov., D.V. Evsutina, V.M. Govorun RECONSTRUCTION OF TRANSCRIPTION CONTROL NETWORK IN GENOME-REDUCED BACTERIA BY HIGH-THROUGHPUT PROMOTERS IDENTIFICATION<\/li>\n<li style=\"text-align: left;\">E.V. Kulakova, A.M. Spitsina GENELO \u2013 PROGRAM FOR STATISTICAL ANALYSIS OF GENES LOCATION RELATIVE TO CHROMOSOME CONTACTS REVEALED BY CHIA-PET AND HI-C<\/li>\n<li style=\"text-align: left;\">Ostromyshenskii D.I., Podgornaya O.I. THE GENOME WIDE ANALYSIS OF THE LARGE TANDEM REPEATS IN THE CLOSELY RELATED GENOMES<\/li>\n<li style=\"text-align: left;\">A.I. Semashko, E.G. Veremeenko, N.P. Maksimova PHYLOGENETIC ANALYS OF DAHPS II TYPE AMINOACID SEQUENCES<\/li>\n<li style=\"text-align: left;\">I.A. Solovev, E.V Dobrovolskaya, A.A. Moskalev, GENETIC CONTROL OF CIRCADIAN RHYTHMS:\u00a0AN IMPACT OF MOLECULAR CLOCK EXPRESSION PROFILE CHANGES\u00a0IN LONGEVITY<\/li>\n<li style=\"text-align: left;\">E.V. Ignatieva RECONSTRUCTION AND ANALYSIS OF A NETWORK OF PROTEIN-PROTEIN INTERACTIONS FUNCTIONING IN MATURE MAMMALIAN ADIPOCYTE<\/li>\n<li style=\"text-align: left;\">A.Glagoleva, O.Shoeva, E.Khlestkina, DO MONOCOT AND DICOT PLANTS HAVE SIMILAR EVOLUTIONARY PATTERNS OF THE UNIVERSAL METABOLIC GENETIC NETWORKS?<\/li>\n<li style=\"text-align: left;\">B.S. Zuraev, A.V. Kochetov, A.I. Klimenko, S.A. Lashin, ALTORFEV: A NOVEL TOOL FOR PREDCITION OF ALTERNATIVE ORFS BASED ON THE LINEAR SCANNING MODEL<\/li>\n<li style=\"text-align: left;\">M.S. Savina, F.V. Kazantsev, V.V. Mironova, MATHEMATICAL MODELING OF ACTIVE SUBSTANSES AND FACTORS INFLUENCE ON FUNCTIONING OF PLANT ROOT MERISTEM<\/li>\n<li style=\"text-align: left;\">I.R. Gilyazova, M.A. Yankina, G.B. Kunsbaeva, A.A. Izmaylov, A.T.Mustafin, V.N. Pavlov, E.K. Khusnutdinova, MUTATIONAL LANDSCAPE OF PROSTATE TUMORS BASED ON WHOLE EXOME SEQUENCING<\/li>\n<li style=\"text-align: left;\">N.S. Fattakhov, L.P. Smirnova, D.A. Parshukova, D.A. Skuratovskaia, L.S. Litvinova, A.V. Semke, S.A. Ivanova ASSOCIATION STUDY OF THE ENDOTHELIAL NITRIC OXIDE SYNTHASE GENE POLYMORPHISMS AND METABOLIC SYNDROME IN RUSSIAN PATIENTS WITH SCHIZOPHRENIA<\/li>\n<li style=\"text-align: left;\">I.A. Mednova, L.P. Smirnova, L.E. Sinianskii, E.A. Ermakov, A.V. Semke, S.A. Ivanova LATER ANTIBODIES WITH OXIDOREDUCTASE ACTIVITY OF PATIENTS WITH SCHIZOPHRENIA AND MULTIPLE SCLEROSIS<\/li>\n<li style=\"text-align: left;\">E.G. Boyarko, O.Y. Fedorenko, A.V. Semke, S.A. Ivanova DRUG-INDUCED DYSKINESIA AND POLYMORPHISMS OF SGK GENE IN RUSSIAN SCHIZOPHRENIC PATIENTS<\/li>\n<li style=\"text-align: left;\">I.V. Pinsky MIRNA BINDING SITES IN THE MRNA OF HUMAN TITIN IC ISOFO<\/li>\n<li style=\"text-align: left;\">M. Grishenko, A. Yakimenko, M. Khairetdinov, K. Gunbin\u00a0A COMPUTATION SYSTEM FOR RANDOMIZATION-BASED ENRICHMENT ANALYSIS USING GPU: PERFORMANCE INVESTIGATION.<\/li>\n<\/ol>\n<p><\/p>","protected":false},"excerpt":{"rendered":"<p>&nbsp; Dear participants! Below you can find a list of oral-poster abstracts,\u00a0please, find your abstract in the list. In case you sibmitted an abstract and it is not in the list or you have some comments about oral-poster type, write &hellip; <a href=\"https:\/\/conf.icgbio.ru\/sbb2016\/en\/abstracts\/\">Continue reading <span class=\"meta-nav\">&rarr;<\/span><\/a><\/p>\n","protected":false},"author":17,"featured_media":0,"parent":0,"menu_order":0,"comment_status":"closed","ping_status":"closed","template":"","meta":[],"_links":{"self":[{"href":"https:\/\/conf.icgbio.ru\/sbb2016\/en\/wp-json\/wp\/v2\/pages\/259"}],"collection":[{"href":"https:\/\/conf.icgbio.ru\/sbb2016\/en\/wp-json\/wp\/v2\/pages"}],"about":[{"href":"https:\/\/conf.icgbio.ru\/sbb2016\/en\/wp-json\/wp\/v2\/types\/page"}],"author":[{"embeddable":true,"href":"https:\/\/conf.icgbio.ru\/sbb2016\/en\/wp-json\/wp\/v2\/users\/17"}],"replies":[{"embeddable":true,"href":"https:\/\/conf.icgbio.ru\/sbb2016\/en\/wp-json\/wp\/v2\/comments?post=259"}],"version-history":[{"count":1,"href":"https:\/\/conf.icgbio.ru\/sbb2016\/en\/wp-json\/wp\/v2\/pages\/259\/revisions"}],"predecessor-version":[{"id":383,"href":"https:\/\/conf.icgbio.ru\/sbb2016\/en\/wp-json\/wp\/v2\/pages\/259\/revisions\/383"}],"wp:attachment":[{"href":"https:\/\/conf.icgbio.ru\/sbb2016\/en\/wp-json\/wp\/v2\/media?parent=259"}],"curies":[{"name":"wp","href":"https:\/\/api.w.org\/{rel}","templated":true}]}}